{"id":77,"date":"2023-11-02T11:44:09","date_gmt":"2023-11-02T11:44:09","guid":{"rendered":"http:\/\/osl.grupoamper.com\/?page_id=77"},"modified":"2025-07-10T08:31:59","modified_gmt":"2025-07-10T08:31:59","slug":"acerca-de-osl","status":"publish","type":"page","link":"https:\/\/www.osl-iberia.com\/en\/acerca-de-osl\/","title":{"rendered":"About OSL"},"content":{"rendered":"<div data-elementor-type=\"wp-page\" data-elementor-id=\"77\" class=\"elementor elementor-77\" data-elementor-post-type=\"page\">\n\t\t\t\t<div class=\"elementor-element elementor-element-5ea9ed5 e-flex e-con-boxed e-con e-parent\" data-id=\"5ea9ed5\" data-element_type=\"container\">\n\t\t\t\t\t<div class=\"e-con-inner\">\n\t\t\t\t<div class=\"elementor-element elementor-element-eab7368 elementor-widget__width-initial elementor-widget elementor-widget-text-editor\" data-id=\"eab7368\" data-element_type=\"widget\" data-widget_type=\"text-editor.default\">\n\t\t\t\t<div class=\"elementor-widget-container\">\n\t\t\t\t\t\t\t\t\t<p><span style=\"color: #ffffff;\">\u00a0 About OSL<\/span><\/p>\t\t\t\t\t\t\t\t<\/div>\n\t\t\t\t<\/div>\n\t\t\t\t\t<\/div>\n\t\t\t\t<\/div>\n\t\t<div class=\"elementor-element elementor-element-6325b13 e-flex e-con-boxed e-con e-parent\" data-id=\"6325b13\" data-element_type=\"container\">\n\t\t\t\t\t<div class=\"e-con-inner\">\n\t\t\t\t<div class=\"elementor-element elementor-element-79bf237 elementor-widget elementor-widget-spacer\" data-id=\"79bf237\" data-element_type=\"widget\" data-widget_type=\"spacer.default\">\n\t\t\t\t<div class=\"elementor-widget-container\">\n\t\t\t\t\t\t\t<div class=\"elementor-spacer\">\n\t\t\t<div class=\"elementor-spacer-inner\"><\/div>\n\t\t<\/div>\n\t\t\t\t\t\t<\/div>\n\t\t\t\t<\/div>\n\t\t\t\t\t<\/div>\n\t\t\t\t<\/div>\n\t\t<div class=\"elementor-element elementor-element-207457a e-flex e-con-boxed e-con e-parent\" data-id=\"207457a\" data-element_type=\"container\">\n\t\t\t\t\t<div class=\"e-con-inner\">\n\t\t\t\t<div class=\"elementor-element elementor-element-80bf7b3 elementor-widget__width-initial elementor-widget elementor-widget-text-editor\" data-id=\"80bf7b3\" data-element_type=\"widget\" data-widget_type=\"text-editor.default\">\n\t\t\t\t<div class=\"elementor-widget-container\">\n\t\t\t\t\t\t\t\t\t<p>OSL is a <strong>multidisciplinary team of technical, creative and innovative specialists<\/strong> which provides optimal engineering solutions in the energy, industrial and chemical sectors. It has been part of <strong><a href=\"http:\/\/www.proes.es\"><span style=\"color: #0f4154;\">Proes, since 2022<\/span><\/a><\/strong>.<\/p><p>It has a <strong><span style=\"color: #0f4154;\">wide experience<\/span><\/strong> in the <strong><span style=\"color: #0f4154;\">development of engineering<\/span><\/strong>, from early stages (conceptual and basic engineering), detailed design for the construction of various types of plants (detailed engineering), construction support, commissioning and start-up, and project management (PMC).<\/p><p>OLS\u00b4s <strong><span style=\"color: #0f4154;\">OSL main areas of expertise<\/span><\/strong> include liquefied natural gas (<strong><span style=\"color: #0f4154;\">LNG<\/span><\/strong>), production plants (<strong><span style=\"color: #0f4154;\">upstream<\/span><\/strong>), transportation and storage (<strong><span style=\"color: #0f4154;\">midstream<\/span><\/strong>), processing (<strong><span style=\"color: #0f4154;\">downstream<\/span><\/strong>), as well as <span style=\"color: #0f4154;\"><strong>renewable energies<\/strong><\/span>, not oly in onshore or offshore, but also in subsea facilities. OSL also specializes in sustainable technologies within the energy sector, such as carbon capture, biofuel production, biogas, hydrogen and ammonia.<\/p><p>Our <strong><span style=\"color: #0f4154;\">team<\/span><\/strong> is highly qualified to undertake a wide range of projects, having worked successfully for <strong><span style=\"color: #0f4154;\">national and international energy companies<\/span><\/strong>. We take pride in developing <strong><span style=\"color: #0f4154;\">projects of high complexity<\/span><\/strong> and implement intelligent and innovative solutions, meeting established deadlines and costs.<\/p>\t\t\t\t\t\t\t\t<\/div>\n\t\t\t\t<\/div>\n\t\t\t\t\t<\/div>\n\t\t\t\t<\/div>\n\t\t<div class=\"elementor-element elementor-element-acca5ab e-flex e-con-boxed e-con e-parent\" data-id=\"acca5ab\" data-element_type=\"container\">\n\t\t\t\t\t<div class=\"e-con-inner\">\n\t\t\t\t<div class=\"elementor-element elementor-element-78e6959 elementor-widget elementor-widget-spacer\" data-id=\"78e6959\" data-element_type=\"widget\" data-widget_type=\"spacer.default\">\n\t\t\t\t<div class=\"elementor-widget-container\">\n\t\t\t\t\t\t\t<div class=\"elementor-spacer\">\n\t\t\t<div class=\"elementor-spacer-inner\"><\/div>\n\t\t<\/div>\n\t\t\t\t\t\t<\/div>\n\t\t\t\t<\/div>\n\t\t\t\t\t<\/div>\n\t\t\t\t<\/div>\n\t\t<div class=\"elementor-element elementor-element-64de8f5 e-flex e-con-boxed e-con e-parent\" data-id=\"64de8f5\" data-element_type=\"container\">\n\t\t\t\t\t<div class=\"e-con-inner\">\n\t\t<div class=\"elementor-element elementor-element-0909d0c e-con-full e-flex e-con e-child\" data-id=\"0909d0c\" data-element_type=\"container\">\n\t\t\t\t<div class=\"elementor-element elementor-element-a89d95d elementor-widget__width-initial elementor-widget elementor-widget-image\" data-id=\"a89d95d\" data-element_type=\"widget\" data-widget_type=\"image.default\">\n\t\t\t\t<div class=\"elementor-widget-container\">\n\t\t\t\t\t\t\t\t\t\t\t\t\t\t\t\t<a href=\"https:\/\/www.osl-iberia.com\/en\/soluciones-y-servicios\/\">\n\t\t\t\t\t\t\t<img fetchpriority=\"high\" decoding=\"async\" width=\"640\" height=\"250\" src=\"https:\/\/www.osl-iberia.com\/wp-content\/uploads\/2024\/09\/shutterstock_461876233-copia-1024x400.jpg\" class=\"attachment-large size-large wp-image-4750\" alt=\"\" srcset=\"https:\/\/www.osl-iberia.com\/wp-content\/uploads\/2024\/09\/shutterstock_461876233-copia-1024x400.jpg 1024w, https:\/\/www.osl-iberia.com\/wp-content\/uploads\/2024\/09\/shutterstock_461876233-copia-300x117.jpg 300w, https:\/\/www.osl-iberia.com\/wp-content\/uploads\/2024\/09\/shutterstock_461876233-copia-768x300.jpg 768w, https:\/\/www.osl-iberia.com\/wp-content\/uploads\/2024\/09\/shutterstock_461876233-copia-1536x601.jpg 1536w, https:\/\/www.osl-iberia.com\/wp-content\/uploads\/2024\/09\/shutterstock_461876233-copia-18x7.jpg 18w, https:\/\/www.osl-iberia.com\/wp-content\/uploads\/2024\/09\/shutterstock_461876233-copia-e1726474423776.jpg 1600w\" sizes=\"(max-width: 640px) 100vw, 640px\" \/>\t\t\t\t\t\t\t\t<\/a>\n\t\t\t\t\t\t\t\t\t\t\t\t\t\t\t<\/div>\n\t\t\t\t<\/div>\n\t\t\t\t<\/div>\n\t\t<div class=\"elementor-element elementor-element-f3f4a73 e-con-full e-flex e-con e-child\" data-id=\"f3f4a73\" data-element_type=\"container\">\n\t\t\t\t<div class=\"elementor-element elementor-element-1268437 elementor-grid-1 elementor-posts--align-right elementor-posts__hover-none elementor-widget__width-initial elementor-grid-tablet-2 elementor-grid-mobile-1 elementor-posts--thumbnail-top elementor-card-shadow-yes elementor-widget elementor-widget-posts\" data-id=\"1268437\" data-element_type=\"widget\" data-settings=\"{&quot;cards_columns&quot;:&quot;1&quot;,&quot;cards_columns_tablet&quot;:&quot;2&quot;,&quot;cards_columns_mobile&quot;:&quot;1&quot;,&quot;cards_row_gap&quot;:{&quot;unit&quot;:&quot;px&quot;,&quot;size&quot;:35,&quot;sizes&quot;:[]},&quot;cards_row_gap_tablet&quot;:{&quot;unit&quot;:&quot;px&quot;,&quot;size&quot;:&quot;&quot;,&quot;sizes&quot;:[]},&quot;cards_row_gap_mobile&quot;:{&quot;unit&quot;:&quot;px&quot;,&quot;size&quot;:&quot;&quot;,&quot;sizes&quot;:[]}}\" data-widget_type=\"posts.cards\">\n\t\t\t\t<div class=\"elementor-widget-container\">\n\t\t\t\t\t\t\t<div class=\"elementor-posts-container elementor-posts elementor-posts--skin-cards elementor-grid\" role=\"list\">\n\t\t\t\t<article class=\"elementor-post elementor-grid-item post-87 page type-page status-publish hentry\" role=\"listitem\">\n\t\t\t<div class=\"elementor-post__card\">\n\t\t\t\t<div class=\"elementor-post__text\">\n\t\t\t\t<h3 class=\"elementor-post__title\">\n\t\t\t<a href=\"https:\/\/www.osl-iberia.com\/en\/soluciones-y-servicios\/\" >\n\t\t\t\tSolutions and Services\t\t\t<\/a>\n\t\t<\/h3>\n\t\t\t\t\t<div class=\"elementor-post__read-more-wrapper\">\n\t\t\n\t\t<a class=\"elementor-post__read-more\" href=\"https:\/\/www.osl-iberia.com\/en\/soluciones-y-servicios\/\" aria-label=\"Read more about Soluciones y Servicios\" tabindex=\"-1\" >\n\t\t\tRead more\t\t<\/a>\n\n\t\t\t\t\t<\/div>\n\t\t\t\t<\/div>\n\t\t\t\t\t<\/div>\n\t\t<\/article>\n\t\t\t\t<\/div>\n\t\t\n\t\t\t\t\t\t<\/div>\n\t\t\t\t<\/div>\n\t\t\t\t<\/div>\n\t\t\t\t\t<\/div>\n\t\t\t\t<\/div>\n\t\t<div class=\"elementor-element elementor-element-5201dfe e-flex e-con-boxed e-con e-parent\" data-id=\"5201dfe\" data-element_type=\"container\">\n\t\t\t\t\t<div class=\"e-con-inner\">\n\t\t<div class=\"elementor-element elementor-element-3de971e e-con-full e-flex e-con e-child\" data-id=\"3de971e\" data-element_type=\"container\">\n\t\t\t\t<div class=\"elementor-element elementor-element-eedce10 elementor-widget__width-initial elementor-widget elementor-widget-image\" data-id=\"eedce10\" data-element_type=\"widget\" data-widget_type=\"image.default\">\n\t\t\t\t<div class=\"elementor-widget-container\">\n\t\t\t\t\t\t\t\t\t\t\t\t\t\t\t\t<a href=\"https:\/\/www.osl-iberia.com\/en\/nuestros-clientes\/\">\n\t\t\t\t\t\t\t<img decoding=\"async\" width=\"640\" height=\"401\" src=\"https:\/\/www.osl-iberia.com\/wp-content\/uploads\/2024\/10\/LOGOS-PARA-WEB-Nuestros-Clientes.jpg\" class=\"attachment-large size-large wp-image-6037\" alt=\"\" srcset=\"https:\/\/www.osl-iberia.com\/wp-content\/uploads\/2024\/10\/LOGOS-PARA-WEB-Nuestros-Clientes.jpg 819w, https:\/\/www.osl-iberia.com\/wp-content\/uploads\/2024\/10\/LOGOS-PARA-WEB-Nuestros-Clientes-300x188.jpg 300w, https:\/\/www.osl-iberia.com\/wp-content\/uploads\/2024\/10\/LOGOS-PARA-WEB-Nuestros-Clientes-768x481.jpg 768w, https:\/\/www.osl-iberia.com\/wp-content\/uploads\/2024\/10\/LOGOS-PARA-WEB-Nuestros-Clientes-18x12.jpg 18w\" sizes=\"(max-width: 640px) 100vw, 640px\" \/>\t\t\t\t\t\t\t\t<\/a>\n\t\t\t\t\t\t\t\t\t\t\t\t\t\t\t<\/div>\n\t\t\t\t<\/div>\n\t\t\t\t<\/div>\n\t\t<div class=\"elementor-element elementor-element-eebfe87 e-con-full e-flex e-con e-child\" data-id=\"eebfe87\" data-element_type=\"container\">\n\t\t\t\t<div class=\"elementor-element elementor-element-b4d7416 elementor-grid-1 elementor-posts--align-right elementor-posts__hover-none elementor-widget__width-initial elementor-grid-tablet-2 elementor-grid-mobile-1 elementor-posts--thumbnail-top elementor-card-shadow-yes elementor-widget elementor-widget-posts\" data-id=\"b4d7416\" data-element_type=\"widget\" data-settings=\"{&quot;cards_columns&quot;:&quot;1&quot;,&quot;cards_columns_tablet&quot;:&quot;2&quot;,&quot;cards_columns_mobile&quot;:&quot;1&quot;,&quot;cards_row_gap&quot;:{&quot;unit&quot;:&quot;px&quot;,&quot;size&quot;:35,&quot;sizes&quot;:[]},&quot;cards_row_gap_tablet&quot;:{&quot;unit&quot;:&quot;px&quot;,&quot;size&quot;:&quot;&quot;,&quot;sizes&quot;:[]},&quot;cards_row_gap_mobile&quot;:{&quot;unit&quot;:&quot;px&quot;,&quot;size&quot;:&quot;&quot;,&quot;sizes&quot;:[]}}\" data-widget_type=\"posts.cards\">\n\t\t\t\t<div class=\"elementor-widget-container\">\n\t\t\t\t\t\t\t<div class=\"elementor-posts-container elementor-posts elementor-posts--skin-cards elementor-grid\" role=\"list\">\n\t\t\t\t<article class=\"elementor-post elementor-grid-item post-389 page type-page status-publish hentry\" role=\"listitem\">\n\t\t\t<div class=\"elementor-post__card\">\n\t\t\t\t<div class=\"elementor-post__text\">\n\t\t\t\t<h3 class=\"elementor-post__title\">\n\t\t\t<a href=\"https:\/\/www.osl-iberia.com\/en\/nuestros-clientes\/\" >\n\t\t\t\tOur clients\t\t\t<\/a>\n\t\t<\/h3>\n\t\t\t\t\t<div class=\"elementor-post__read-more-wrapper\">\n\t\t\n\t\t<a class=\"elementor-post__read-more\" href=\"https:\/\/www.osl-iberia.com\/en\/nuestros-clientes\/\" aria-label=\"Read more about Nuestros clientes\" tabindex=\"-1\" >\n\t\t\tRead more\t\t<\/a>\n\n\t\t\t\t\t<\/div>\n\t\t\t\t<\/div>\n\t\t\t\t\t<\/div>\n\t\t<\/article>\n\t\t\t\t<\/div>\n\t\t\n\t\t\t\t\t\t<\/div>\n\t\t\t\t<\/div>\n\t\t\t\t<\/div>\n\t\t\t\t\t<\/div>\n\t\t\t\t<\/div>\n\t\t<div class=\"elementor-element elementor-element-c2a35cc e-flex e-con-boxed e-con e-parent\" data-id=\"c2a35cc\" data-element_type=\"container\">\n\t\t\t\t\t<div class=\"e-con-inner\">\n\t\t\t\t<div class=\"elementor-element elementor-element-dce7359 elementor-widget elementor-widget-spacer\" data-id=\"dce7359\" data-element_type=\"widget\" data-widget_type=\"spacer.default\">\n\t\t\t\t<div class=\"elementor-widget-container\">\n\t\t\t\t\t\t\t<div class=\"elementor-spacer\">\n\t\t\t<div class=\"elementor-spacer-inner\"><\/div>\n\t\t<\/div>\n\t\t\t\t\t\t<\/div>\n\t\t\t\t<\/div>\n\t\t\t\t\t<\/div>\n\t\t\t\t<\/div>\n\t\t<div class=\"elementor-element elementor-element-cb3babf e-flex e-con-boxed e-con e-parent\" data-id=\"cb3babf\" data-element_type=\"container\">\n\t\t\t\t\t<div class=\"e-con-inner\">\n\t\t<div class=\"elementor-element elementor-element-72e18c9 e-con-full e-flex e-con e-child\" data-id=\"72e18c9\" data-element_type=\"container\">\n\t\t\t\t<div class=\"elementor-element elementor-element-5950ddf elementor-widget__width-initial elementor-widget elementor-widget-image\" data-id=\"5950ddf\" data-element_type=\"widget\" data-widget_type=\"image.default\">\n\t\t\t\t<div class=\"elementor-widget-container\">\n\t\t\t\t\t\t\t\t\t\t\t\t\t\t\t\t<a href=\"https:\/\/www.osl-iberia.com\/wp-content\/uploads\/2024\/05\/CERTIFICADO-14001-OSL.pdf\">\n\t\t\t\t\t\t\t<img decoding=\"async\" width=\"188\" height=\"267\" src=\"https:\/\/www.osl-iberia.com\/wp-content\/uploads\/2024\/05\/14001-CAMARA-CERTIFICA.jpg\" class=\"attachment-total-blog-header size-total-blog-header wp-image-3530\" alt=\"\" \/>\t\t\t\t\t\t\t\t<\/a>\n\t\t\t\t\t\t\t\t\t\t\t\t\t\t\t<\/div>\n\t\t\t\t<\/div>\n\t\t\t\t<\/div>\n\t\t<div class=\"elementor-element elementor-element-6cbaf49 e-con-full e-flex e-con e-child\" data-id=\"6cbaf49\" data-element_type=\"container\">\n\t\t\t\t<div class=\"elementor-element elementor-element-5834cce elementor-widget__width-initial elementor-widget elementor-widget-image\" data-id=\"5834cce\" data-element_type=\"widget\" data-widget_type=\"image.default\">\n\t\t\t\t<div class=\"elementor-widget-container\">\n\t\t\t\t\t\t\t\t\t\t\t\t\t\t\t\t<a href=\"https:\/\/www.osl-iberia.com\/wp-content\/uploads\/2024\/05\/CERTIFICADO-9001-OSL.pdf\">\n\t\t\t\t\t\t\t<img loading=\"lazy\" decoding=\"async\" width=\"188\" height=\"268\" src=\"https:\/\/www.osl-iberia.com\/wp-content\/uploads\/2024\/05\/ISO-9001-CAMARA.png\" class=\"attachment-large size-large wp-image-3528\" alt=\"\" \/>\t\t\t\t\t\t\t\t<\/a>\n\t\t\t\t\t\t\t\t\t\t\t\t\t\t\t<\/div>\n\t\t\t\t<\/div>\n\t\t\t\t<\/div>\n\t\t<div class=\"elementor-element elementor-element-b6d8516 e-con-full e-flex e-con e-child\" data-id=\"b6d8516\" data-element_type=\"container\">\n\t\t\t\t<div class=\"elementor-element elementor-element-069a511 elementor-widget__width-initial elementor-widget elementor-widget-image\" data-id=\"069a511\" data-element_type=\"widget\" data-widget_type=\"image.default\">\n\t\t\t\t<div class=\"elementor-widget-container\">\n\t\t\t\t\t\t\t\t\t\t\t\t\t\t\t\t<a href=\"http:\/\/www.osl-iberia.com\/wp-content\/uploads\/2025\/07\/ISO-45001-SEGURIDAD-Y-SALUD.pdf\">\n\t\t\t\t\t\t\t<img loading=\"lazy\" decoding=\"async\" width=\"284\" height=\"208\" src=\"https:\/\/www.osl-iberia.com\/wp-content\/uploads\/2025\/07\/AENOR-ISO-45001-copia-yi-1.png\" class=\"attachment-large size-large wp-image-6617\" alt=\"\" srcset=\"https:\/\/www.osl-iberia.com\/wp-content\/uploads\/2025\/07\/AENOR-ISO-45001-copia-yi-1.png 284w, https:\/\/www.osl-iberia.com\/wp-content\/uploads\/2025\/07\/AENOR-ISO-45001-copia-yi-1-16x12.png 16w\" sizes=\"(max-width: 284px) 100vw, 284px\" \/>\t\t\t\t\t\t\t\t<\/a>\n\t\t\t\t\t\t\t\t\t\t\t\t\t\t\t<\/div>\n\t\t\t\t<\/div>\n\t\t\t\t<\/div>\n\t\t<div class=\"elementor-element elementor-element-3e7c0f0 e-con-full e-flex e-con e-child\" data-id=\"3e7c0f0\" data-element_type=\"container\">\n\t\t\t\t<div class=\"elementor-element elementor-element-2420ea0 elementor-widget__width-initial elementor-widget elementor-widget-image\" data-id=\"2420ea0\" data-element_type=\"widget\" data-widget_type=\"image.default\">\n\t\t\t\t<div class=\"elementor-widget-container\">\n\t\t\t\t\t\t\t\t\t\t\t\t\t\t\t\t<a href=\"https:\/\/www.osl-iberia.com\/wp-content\/uploads\/2024\/10\/ISO-19650-BIM-OSL.pdf\">\n\t\t\t\t\t\t\t<img loading=\"lazy\" decoding=\"async\" width=\"225\" height=\"204\" src=\"https:\/\/www.osl-iberia.com\/wp-content\/uploads\/2024\/05\/ISO-19650.jpg\" class=\"attachment-large size-large wp-image-3531\" alt=\"\" \/>\t\t\t\t\t\t\t\t<\/a>\n\t\t\t\t\t\t\t\t\t\t\t\t\t\t\t<\/div>\n\t\t\t\t<\/div>\n\t\t\t\t<\/div>\n\t\t\t\t\t<\/div>\n\t\t\t\t<\/div>\n\t\t<div class=\"elementor-element elementor-element-7e874e0 e-flex e-con-boxed e-con e-parent\" data-id=\"7e874e0\" data-element_type=\"container\">\n\t\t\t\t\t<div class=\"e-con-inner\">\n\t\t\t\t<div class=\"elementor-element elementor-element-eb372d5 elementor-widget elementor-widget-spacer\" data-id=\"eb372d5\" data-element_type=\"widget\" data-widget_type=\"spacer.default\">\n\t\t\t\t<div class=\"elementor-widget-container\">\n\t\t\t\t\t\t\t<div class=\"elementor-spacer\">\n\t\t\t<div class=\"elementor-spacer-inner\"><\/div>\n\t\t<\/div>\n\t\t\t\t\t\t<\/div>\n\t\t\t\t<\/div>\n\t\t\t\t\t<\/div>\n\t\t\t\t<\/div>\n\t\t\t\t<\/div>","protected":false},"excerpt":{"rendered":"<p>\u00a0 Acerca de OSL OSL es un equipo multidisciplinar de especialistas t\u00e9cnicos, creativos e innovadores que proporciona soluciones de ingenier\u00eda \u00f3ptimas en los sectores energ\u00e9tico,<\/p>","protected":false},"author":7,"featured_media":0,"parent":0,"menu_order":0,"comment_status":"closed","ping_status":"closed","template":"elementor_header_footer","meta":{"_eb_attr":"","footnotes":""},"class_list":["post-77","page","type-page","status-publish","hentry"],"_links":{"self":[{"href":"https:\/\/www.osl-iberia.com\/en\/wp-json\/wp\/v2\/pages\/77","targetHints":{"allow":["GET"]}}],"collection":[{"href":"https:\/\/www.osl-iberia.com\/en\/wp-json\/wp\/v2\/pages"}],"about":[{"href":"https:\/\/www.osl-iberia.com\/en\/wp-json\/wp\/v2\/types\/page"}],"author":[{"embeddable":true,"href":"https:\/\/www.osl-iberia.com\/en\/wp-json\/wp\/v2\/users\/7"}],"replies":[{"embeddable":true,"href":"https:\/\/www.osl-iberia.com\/en\/wp-json\/wp\/v2\/comments?post=77"}],"version-history":[{"count":302,"href":"https:\/\/www.osl-iberia.com\/en\/wp-json\/wp\/v2\/pages\/77\/revisions"}],"predecessor-version":[{"id":6630,"href":"https:\/\/www.osl-iberia.com\/en\/wp-json\/wp\/v2\/pages\/77\/revisions\/6630"}],"wp:attachment":[{"href":"https:\/\/www.osl-iberia.com\/en\/wp-json\/wp\/v2\/media?parent=77"}],"curies":[{"name":"wp","href":"https:\/\/api.w.org\/{rel}","templated":true}]}}